{"id":418,"date":"2021-04-17T16:35:58","date_gmt":"2021-04-17T16:35:58","guid":{"rendered":"https:\/\/test.forrealmusic.at\/?page_id=418"},"modified":"2021-04-26T13:59:33","modified_gmt":"2021-04-26T13:59:33","slug":"agb","status":"publish","type":"page","link":"https:\/\/forrealmusic.at\/de\/agb\/","title":{"rendered":"AGB"},"content":{"rendered":"<h4>Allgemeine Gesch\u00e4ftsbedingungen (AGB)<\/h4>\n<h5>Geltungsbereich:<\/h5>\n<p>Diese Allgemeinen Gesch\u00e4ftsbedingungen (im Folgenden kurz: AGB) gelten f\u00fcr alle Onlineeink\u00e4ufe, welche im Webshop von For Real Music (<a href=\"https:\/\/forrealmusic\/shop\" target=\"_blank\" rel=\"noopener\">https:\/\/forrealmusic\/shop<\/a>) get\u00e4tigt werden.<\/p>\n<h5>Zustandekommen von Kaufvertr\u00e4gen:<\/h5>\n<p>Das Vorstellen von Ware im Webshop ist eine unverbindliche Einladung an die \u00d6ffentlichkeit zur Aufgabe einer Bestellung. Die Bestellbest\u00e4tigung dient dem Kunden als Beleg f\u00fcr den Eingang der Bestellung.<\/p>\n<h5>Bestellvorgang:<\/h5>\n<p>Durch Klicken des Buttons \u201ein den Warenkorb\u201c wird jeweils der gew\u00fcnschte Artikel in den Warenkorb gelegt. Im Warenkorb kann die Auswahl der Artikel \u00fcberpr\u00fcft und ge\u00e4ndert werden (Anklicken des Buttons \u201eentfernen\u201c). Nach erfolgter Artikelauswahl wird der Kunde nach Klicken des Buttons \u201eWeiter zur Kasse\u201c zur Registrierung weitergeleitet (\u201eNeues Kundenkonto anlegen\u201c). Hier werden von Neukunden Daten wie Name, Lieferadresse, E-Mail Adresse, sowie ein Passwort zum Anmelden bei zuk\u00fcnftigen Bestellungen eingegeben (bei bereits registrierten Kunden sind diese Daten bereits gespeichert und muss lediglich eine Anmeldung mit E-Mail Adresse und Passwort erfolgen. Es besteht auch die M\u00f6glichkeit (unter \u201eMein Konto Anmelden\u201c), die Bestellung ohne Anlegen eines Kundenkontos zu t\u00e4tigen). Danach erfolgt die Auswahl von Versand- und Zahlungsart. Vor Abschluss der Bestellung werden s\u00e4mtliche Angaben zur \u00dcberpr\u00fcfung nochmals angezeigt und k\u00f6nnen gegebenenfalls korrigiert werden. Durch Best\u00e4tigung dieser Daten und das Akzeptieren der AGB wird die Bestellung abgeschlossen und der Kunde erh\u00e4lt umgehend ein Best\u00e4tigungsmail mit den Details zu seiner Bestellung und zur Bezahlung. Der Vertragstext wird nach Abschluss jeder Bestellung gespeichert und ist f\u00fcr den Kunden samt aller Details jederzeit unter \u201eMein Konto\u201c online abrufbar.<\/p>\n<h5>Preise und Zahlung:<\/h5>\n<p>Es gelten die zum Zeitpunkt der Bestellung angegebenen Preise. Die W\u00e4hrung f\u00fcr alle Zahlungsarten ist ausschlie\u00dflich Euro. Die Bezahlung ist mit allen g\u00e4ngigen Kreditkarten (Kreditkarten k\u00f6nnen auf Kundenwunsch f\u00fcr zuk\u00fcnftige Bestellungen gespeichert werden) oder per Sofort \u00dcberweisung (in AT, BE, DE, ES, IT, NL) m\u00f6glich.<\/p>\n<h5>Sicherheit:<\/h5>\n<p>Die Kreditkartendaten werden \u00fcber eine verschl\u00fcsselte SSL-Verbindung \u00fcbertragen. Es wird darauf hingewiesen, dass nach derzeitigem Stand der Technik nicht v\u00f6llig ausgeschlossen werden kann, dass sich Unbefugte w\u00e4hrend des \u00dcbermittlungsvorganges Zugriff auf die \u00fcbermittelten Daten verschaffen.<\/p>\n<h5>Datenschutz:<\/h5>\n<p>Die Adress- und Kontendaten der Kunden werden ausschlie\u00dflich f\u00fcr Zwecke der Erf\u00fcllung s\u00e4mtlicher wechselseitiger Rechte und Pflichten aus dem mit dem Kunden abgeschlossenen Vertrag erhoben, \u00fcbermittelt, verarbeitet und verwendet. Die Angaben der Kunden werden vertraulich behandelt und nicht an Dritte weitergegeben. Alle Daten samt Kundenkonto k\u00f6nnen vom Betreiber auf Kundenwunsch gel\u00f6scht werden.<\/p>\n<h5>Externe Verlinkung:<\/h5>\n<p>Es wird keine Haftung f\u00fcr die Inhalte externer Links \u00fcbernommen. F\u00fcr den Inhalt der verlinkten Seiten sind ausschlie\u00dflich deren Betreiber verantwortlich.<br \/>\nBesondere Bestimmungen f\u00fcr Verbraucher:<br \/>\nVerbraucher im Sinne des Konsumentenschutzgesetzes (KSchG) genie\u00dfen grunds\u00e4tzlich ein gesetzliches R\u00fccktrittsrecht. Details sind der Widerrufsbelehrung zu entnehmen.<\/p>\n<h5>Rechtswahl, Gerichtsstand:<\/h5>\n<p>Es gilt das Recht der Republik \u00d6sterreich unter Ausschluss der Verweisungsnormen und des UN-Kaufrechts. Gerichtsstand ist Graz.<\/p>\n","protected":false},"excerpt":{"rendered":"<p>Allgemeine Gesch\u00e4ftsbedingungen (AGB) Geltungsbereich: Diese Allgemeinen Gesch\u00e4ftsbedingungen (im Folgenden kurz: AGB) gelten f\u00fcr alle Onlineeink\u00e4ufe, welche im Webshop von For Real Music (https:\/\/forrealmusic\/shop) get\u00e4tigt werden. Zustandekommen von Kaufvertr\u00e4gen: Das Vorstellen von Ware im Webshop ist eine unverbindliche Einladung an die \u00d6ffentlichkeit zur Aufgabe einer Bestellung. Die Bestellbest\u00e4tigung dient dem Kunden als Beleg f\u00fcr den Eingang&#8230;<\/p>\n<p><a rel=\"bookmark\" class=\"phase_button_alt2 wvc-button wvc-button-size-xs\" href=\"https:\/\/forrealmusic.at\/de\/agb\/\"><span>Continue reading<\/span><\/a><\/p>\n","protected":false},"author":1,"featured_media":0,"parent":0,"menu_order":0,"comment_status":"closed","ping_status":"closed","template":"","meta":{"footnotes":""},"class_list":{"0":"post-418","1":"page","2":"type-page","3":"status-publish","4":"hentry","5":"entry","6":"clearfix","7":"entry-grid","8":"entry-columns-default","9":"entry-page-module-layout-standard","10":"no-post-thumbnail","11":"entry-page","13":"entry-page-grid"},"yoast_head":"<!-- This site is optimized with the Yoast SEO plugin v27.4 - https:\/\/yoast.com\/product\/yoast-seo-wordpress\/ -->\n<title>AGB - For Real Music<\/title>\n<meta name=\"robots\" content=\"index, follow, max-snippet:-1, max-image-preview:large, max-video-preview:-1\" \/>\n<link rel=\"canonical\" href=\"https:\/\/forrealmusic.at\/de\/agb\/\" \/>\n<meta property=\"og:locale\" content=\"de_DE\" \/>\n<meta property=\"og:type\" content=\"article\" \/>\n<meta property=\"og:title\" content=\"AGB - For Real Music\" \/>\n<meta property=\"og:description\" content=\"Allgemeine Gesch\u00e4ftsbedingungen (AGB) Geltungsbereich: Diese Allgemeinen Gesch\u00e4ftsbedingungen (im Folgenden kurz: AGB) gelten f\u00fcr alle Onlineeink\u00e4ufe, welche im Webshop von For Real Music (https:\/\/forrealmusic\/shop) get\u00e4tigt werden. Zustandekommen von Kaufvertr\u00e4gen: Das Vorstellen von Ware im Webshop ist eine unverbindliche Einladung an die \u00d6ffentlichkeit zur Aufgabe einer Bestellung. Die Bestellbest\u00e4tigung dient dem Kunden als Beleg f\u00fcr den Eingang...Continue reading\" \/>\n<meta property=\"og:url\" content=\"https:\/\/forrealmusic.at\/de\/agb\/\" \/>\n<meta property=\"og:site_name\" content=\"For Real Music\" \/>\n<meta property=\"article:publisher\" content=\"https:\/\/www.facebook.com\/ForRealMusicLabel\" \/>\n<meta property=\"article:modified_time\" content=\"2021-04-26T13:59:33+00:00\" \/>\n<meta name=\"twitter:card\" content=\"summary_large_image\" \/>\n<meta name=\"twitter:label1\" content=\"Gesch\u00e4tzte Lesezeit\" \/>\n\t<meta name=\"twitter:data1\" content=\"2\u00a0Minuten\" \/>\n<script type=\"application\/ld+json\" class=\"yoast-schema-graph\">{\"@context\":\"https:\\\/\\\/schema.org\",\"@graph\":[{\"@type\":\"WebPage\",\"@id\":\"https:\\\/\\\/forrealmusic.at\\\/de\\\/agb\\\/\",\"url\":\"https:\\\/\\\/forrealmusic.at\\\/de\\\/agb\\\/\",\"name\":\"AGB - For Real Music\",\"isPartOf\":{\"@id\":\"https:\\\/\\\/forrealmusic.at\\\/de\\\/#website\"},\"datePublished\":\"2021-04-17T16:35:58+00:00\",\"dateModified\":\"2021-04-26T13:59:33+00:00\",\"breadcrumb\":{\"@id\":\"https:\\\/\\\/forrealmusic.at\\\/de\\\/agb\\\/#breadcrumb\"},\"inLanguage\":\"de\",\"potentialAction\":[{\"@type\":\"ReadAction\",\"target\":[\"https:\\\/\\\/forrealmusic.at\\\/de\\\/agb\\\/\"]}]},{\"@type\":\"BreadcrumbList\",\"@id\":\"https:\\\/\\\/forrealmusic.at\\\/de\\\/agb\\\/#breadcrumb\",\"itemListElement\":[{\"@type\":\"ListItem\",\"position\":1,\"name\":\"Home\",\"item\":\"https:\\\/\\\/forrealmusic.at\\\/de\\\/\"},{\"@type\":\"ListItem\",\"position\":2,\"name\":\"AGB\"}]},{\"@type\":\"WebSite\",\"@id\":\"https:\\\/\\\/forrealmusic.at\\\/de\\\/#website\",\"url\":\"https:\\\/\\\/forrealmusic.at\\\/de\\\/\",\"name\":\"For Real Music\",\"description\":\"\",\"publisher\":{\"@id\":\"https:\\\/\\\/forrealmusic.at\\\/de\\\/#organization\"},\"potentialAction\":[{\"@type\":\"SearchAction\",\"target\":{\"@type\":\"EntryPoint\",\"urlTemplate\":\"https:\\\/\\\/forrealmusic.at\\\/de\\\/?s={search_term_string}\"},\"query-input\":{\"@type\":\"PropertyValueSpecification\",\"valueRequired\":true,\"valueName\":\"search_term_string\"}}],\"inLanguage\":\"de\"},{\"@type\":\"Organization\",\"@id\":\"https:\\\/\\\/forrealmusic.at\\\/de\\\/#organization\",\"name\":\"For Real Music\",\"url\":\"https:\\\/\\\/forrealmusic.at\\\/de\\\/\",\"logo\":{\"@type\":\"ImageObject\",\"inLanguage\":\"de\",\"@id\":\"https:\\\/\\\/forrealmusic.at\\\/de\\\/#\\\/schema\\\/logo\\\/image\\\/\",\"url\":\"https:\\\/\\\/forrealmusic.at\\\/wp-content\\\/uploads\\\/2021\\\/02\\\/Logo-trans-360-inter.png\",\"contentUrl\":\"https:\\\/\\\/forrealmusic.at\\\/wp-content\\\/uploads\\\/2021\\\/02\\\/Logo-trans-360-inter.png\",\"width\":360,\"height\":218,\"caption\":\"For Real Music\"},\"image\":{\"@id\":\"https:\\\/\\\/forrealmusic.at\\\/de\\\/#\\\/schema\\\/logo\\\/image\\\/\"},\"sameAs\":[\"https:\\\/\\\/www.facebook.com\\\/ForRealMusicLabel\",\"https:\\\/\\\/www.instagram.com\\\/forrealmusic_recordlabel\"]}]}<\/script>\n<!-- \/ Yoast SEO plugin. -->","yoast_head_json":{"title":"AGB - For Real Music","robots":{"index":"index","follow":"follow","max-snippet":"max-snippet:-1","max-image-preview":"max-image-preview:large","max-video-preview":"max-video-preview:-1"},"canonical":"https:\/\/forrealmusic.at\/de\/agb\/","og_locale":"de_DE","og_type":"article","og_title":"AGB - For Real Music","og_description":"Allgemeine Gesch\u00e4ftsbedingungen (AGB) Geltungsbereich: Diese Allgemeinen Gesch\u00e4ftsbedingungen (im Folgenden kurz: AGB) gelten f\u00fcr alle Onlineeink\u00e4ufe, welche im Webshop von For Real Music (https:\/\/forrealmusic\/shop) get\u00e4tigt werden. Zustandekommen von Kaufvertr\u00e4gen: Das Vorstellen von Ware im Webshop ist eine unverbindliche Einladung an die \u00d6ffentlichkeit zur Aufgabe einer Bestellung. Die Bestellbest\u00e4tigung dient dem Kunden als Beleg f\u00fcr den Eingang...Continue reading","og_url":"https:\/\/forrealmusic.at\/de\/agb\/","og_site_name":"For Real Music","article_publisher":"https:\/\/www.facebook.com\/ForRealMusicLabel","article_modified_time":"2021-04-26T13:59:33+00:00","twitter_card":"summary_large_image","twitter_misc":{"Gesch\u00e4tzte Lesezeit":"2\u00a0Minuten"},"schema":{"@context":"https:\/\/schema.org","@graph":[{"@type":"WebPage","@id":"https:\/\/forrealmusic.at\/de\/agb\/","url":"https:\/\/forrealmusic.at\/de\/agb\/","name":"AGB - For Real Music","isPartOf":{"@id":"https:\/\/forrealmusic.at\/de\/#website"},"datePublished":"2021-04-17T16:35:58+00:00","dateModified":"2021-04-26T13:59:33+00:00","breadcrumb":{"@id":"https:\/\/forrealmusic.at\/de\/agb\/#breadcrumb"},"inLanguage":"de","potentialAction":[{"@type":"ReadAction","target":["https:\/\/forrealmusic.at\/de\/agb\/"]}]},{"@type":"BreadcrumbList","@id":"https:\/\/forrealmusic.at\/de\/agb\/#breadcrumb","itemListElement":[{"@type":"ListItem","position":1,"name":"Home","item":"https:\/\/forrealmusic.at\/de\/"},{"@type":"ListItem","position":2,"name":"AGB"}]},{"@type":"WebSite","@id":"https:\/\/forrealmusic.at\/de\/#website","url":"https:\/\/forrealmusic.at\/de\/","name":"For Real Music","description":"","publisher":{"@id":"https:\/\/forrealmusic.at\/de\/#organization"},"potentialAction":[{"@type":"SearchAction","target":{"@type":"EntryPoint","urlTemplate":"https:\/\/forrealmusic.at\/de\/?s={search_term_string}"},"query-input":{"@type":"PropertyValueSpecification","valueRequired":true,"valueName":"search_term_string"}}],"inLanguage":"de"},{"@type":"Organization","@id":"https:\/\/forrealmusic.at\/de\/#organization","name":"For Real Music","url":"https:\/\/forrealmusic.at\/de\/","logo":{"@type":"ImageObject","inLanguage":"de","@id":"https:\/\/forrealmusic.at\/de\/#\/schema\/logo\/image\/","url":"https:\/\/forrealmusic.at\/wp-content\/uploads\/2021\/02\/Logo-trans-360-inter.png","contentUrl":"https:\/\/forrealmusic.at\/wp-content\/uploads\/2021\/02\/Logo-trans-360-inter.png","width":360,"height":218,"caption":"For Real Music"},"image":{"@id":"https:\/\/forrealmusic.at\/de\/#\/schema\/logo\/image\/"},"sameAs":["https:\/\/www.facebook.com\/ForRealMusicLabel","https:\/\/www.instagram.com\/forrealmusic_recordlabel"]}]}},"_links":{"self":[{"href":"https:\/\/forrealmusic.at\/de\/wp-json\/wp\/v2\/pages\/418","targetHints":{"allow":["GET"]}}],"collection":[{"href":"https:\/\/forrealmusic.at\/de\/wp-json\/wp\/v2\/pages"}],"about":[{"href":"https:\/\/forrealmusic.at\/de\/wp-json\/wp\/v2\/types\/page"}],"author":[{"embeddable":true,"href":"https:\/\/forrealmusic.at\/de\/wp-json\/wp\/v2\/users\/1"}],"replies":[{"embeddable":true,"href":"https:\/\/forrealmusic.at\/de\/wp-json\/wp\/v2\/comments?post=418"}],"version-history":[{"count":9,"href":"https:\/\/forrealmusic.at\/de\/wp-json\/wp\/v2\/pages\/418\/revisions"}],"predecessor-version":[{"id":453,"href":"https:\/\/forrealmusic.at\/de\/wp-json\/wp\/v2\/pages\/418\/revisions\/453"}],"wp:attachment":[{"href":"https:\/\/forrealmusic.at\/de\/wp-json\/wp\/v2\/media?parent=418"}],"curies":[{"name":"wp","href":"https:\/\/api.w.org\/{rel}","templated":true}]}}